{"id":528,"date":"2017-08-11T20:11:14","date_gmt":"2017-08-11T18:11:14","guid":{"rendered":"http:\/\/wp2017.bem-media.de\/?page_id=528"},"modified":"2023-07-26T16:15:11","modified_gmt":"2023-07-26T14:15:11","slug":"impressum","status":"publish","type":"page","link":"https:\/\/2023.bem-media.de\/ru\/impressum","title":{"rendered":"Impressum"},"content":{"rendered":"<p>[vc_row][vc_column][vc_column_text]Impressum:<br \/>\nBEM Media GmbH<br \/>\nVerlag &amp; Werbeagentur<br \/>\nOeynhausener Str. 54<br \/>\nD-32584 L\u00f6hne<br \/>\nTel.: 0 57 31 \u2013 98 79 80<br \/>\nFax: 0 57 31 \u2013 987 98 99<br \/>\nE-Mail: post@2023.bem-media.de<br \/>\nRegistergericht: Bad Oeynhausen<br \/>\nRegisternummer: HRB 18883<br \/>\nUSt-IdNr.: DE360439444<br \/>\nwww.bem-media.de<\/p>\n<p>Gesch\u00e4ftsf\u00fchrer: Xeniya Chaikina<\/p>\n<p>Gesch\u00e4ftszeiten:<br \/>\nMontag \u2013 Freitag 09:00 \u2013 18:00 Uhr<\/p>\n<p>Registergericht: Amtsgericht Bad Oeynhausen<br \/>\nRegisternummer: HRA 6579, HRB 10150<\/p>\n<p>Online-Streitbeilegung gem\u00e4\u00df Art. 14 Abs. 1 ODR-VO<br \/>\nDie Europ\u00e4ische Kommission stellt eine Plattform zur Online-Streitbeilegung (OS) bereit. Sie finden diese unter<br \/>\n<a href=\"http:\/\/ec.europa.eu\/consumers\/odr\/\">http:\/\/ec.europa.eu\/consumers\/odr\/ .<\/a><\/p>\n<p>Bei grunds\u00e4tzlicher Ablehnung und keiner Verpflichtung<br \/>\nan der Teilnahme eines Streitbeilegungsverfahrens vor<br \/>\neiner Verbraucherschlichtungsstelle:<br \/>\nWir sind nicht verpflichtet und bereit an einem Streitbeilegungsverfahren vor einer Verbraucherschlichtungsstelle<br \/>\nnach dem Verbraucherstreitbeilegungsgesetz (VSBG)<br \/>\nteilzunehmen.<\/p>\n<p>Bei Bereitschaft und keiner Verpflichtung an einem Streitbeilegungsverfahren vor einer Verbraucherschlichtungsstelle teilzunehmen:<br \/>\nWir sind nicht verpflichtet aber bereit etwaige Meinungsverschiedenheiten aus Verbrauchervertr\u00e4gen au\u00dfergerichtlich beizulegen. Wir sind deshalb zur Durchf\u00fchrung<br \/>\neines Streitbeilegungsverfahrens (IHK Bielefeld <a href=\"https:\/\/www.ostwestfalen.ihk.de\/\">https:\/\/www.ostwestfalen.ihk.de\/<\/a>) bereit,<br \/>\nwenn der Verbraucher den streitigen Anspruch zuvor uns<br \/>\ngegen\u00fcber geltend gemacht hat. Der Rechtsweg steht<br \/>\nVerbrauchern nat\u00fcrlich jederzeit offen.<\/p>\n<p>\u0418\u0441\u043a\u043b\u044e\u0447\u0435\u043d\u0438\u0435 \u043e\u0442\u0432\u0435\u0442\u0441\u0442\u0432\u0435\u043d\u043d\u043e\u0441\u0442\u0438<br \/>\n\u041e\u0442\u0432\u0435\u0442\u0441\u0442\u0432\u0435\u043d\u043d\u043e\u0441\u0442\u044c \u0437\u0430 \u0441\u043e\u0434\u0435\u0440\u0436\u0430\u043d\u0438\u0435<\/p>\n<p>\u041c\u044b \u043e\u0447\u0435\u043d\u044c \u0442\u0449\u0430\u0442\u0435\u043b\u044c\u043d\u043e \u0440\u0430\u0431\u043e\u0442\u0430\u043b\u0438 \u043d\u0430\u0434 \u0441\u043e\u0437\u0434\u0430\u043d\u0438\u0435\u043c \u044d\u0442\u043e\u0433\u043e \u0441\u0430\u0439\u0442\u0430. \u0422\u0435\u043c \u043d\u0435 \u043c\u0435\u043d\u0435\u0435 \u0437\u0430 \u0434\u043e\u0441\u0442\u043e\u0432\u0435\u0440\u043d\u043e\u0441\u0442\u044c, \u043f\u043e\u043b\u043d\u043e\u0442\u0443 \u0438 \u0430\u043a\u0442\u0443\u0430\u043b\u044c\u043d\u043e\u0441\u0442\u044c \u043f\u0440\u0435\u0434\u043e\u0441\u0442\u0430\u0432\u043b\u044f\u0435\u043c\u043e\u0433\u043e \u0441\u043e\u0434\u0435\u0440\u0436\u0430\u043d\u0438\u044f \u043c\u044b \u043d\u0435 \u043c\u043e\u0436\u0435\u043c \u043d\u0435\u0441\u0442\u0438 \u043e\u0442\u0432\u0435\u0442\u0441\u0442\u0432\u0435\u043d\u043d\u043e\u0441\u0442\u044c. \u0411\u0443\u0434\u0443\u0447\u0438 \u0432\u0441\u0435\u0433\u043e \u043b\u0438\u0448\u044c \u043f\u0440\u043e\u0432\u0430\u0439\u0434\u0435\u0440\u043e\u043c \u0438\u043d\u0444\u043e\u0440\u043c\u0430\u0446\u0438\u0438, \u043c\u044b \u043d\u0435\u0441\u0435\u043c \u043e\u0442\u0432\u0435\u0442\u0441\u0442\u0432\u0435\u043d\u043d\u043e\u0441\u0442\u044c \u0432 \u0441\u043e\u043e\u0442\u0432\u0435\u0442\u0441\u0442\u0432\u0438\u0438 \u0441 \u00a7 6 \u0438 \u00a7 8 \u043f\u0443\u043d\u043a\u0442\u0430\u043c\u0438 1 MDStV 1 TDG \u0437\u0430 \u043e\u0431\u0449\u0435\u0435 \u043a\u0430\u0447\u0435\u0441\u0442\u0432\u043e \u0438 \u0441\u043e\u0434\u0435\u0440\u0436\u0430\u043d\u0438\u0435 \u043d\u0430 \u0441\u0442\u0440\u0430\u043d\u0438\u0446\u0430\u0445 \u043d\u0430\u0448\u0435\u0433\u043e \u0441\u0430\u0439\u0442\u0430 \u0432 \u0441\u043e\u043e\u0442\u0432\u0435\u0442\u0441\u0442\u0432\u0438\u0438 \u0441 \u043e\u0431\u0449\u0438\u043c \u043f\u0440\u0430\u0432\u043e\u043c. \u041f\u0440\u043e\u0432\u0430\u0439\u0434\u0435\u0440\u044b \u0438\u043d\u0444\u043e\u0440\u043c\u0430\u0446\u0438\u0438 \u043d\u0435 \u043e\u0431\u044f\u0437\u0430\u043d\u044b \u043a\u043e\u043d\u0442\u0440\u043e\u043b\u0438\u0440\u043e\u0432\u0430\u0442\u044c \u0441\u043e\u0434\u0435\u0440\u0436\u0430\u043d\u0438\u0435, \u043d\u043e \u043f\u0435\u0440\u0435\u0434\u0430\u0432\u0430\u0442\u044c \u0438\u043d\u0444\u043e\u0440\u043c\u0430\u0446\u0438\u044e \u043e\u0442 \u0442\u0440\u0435\u0442\u044c\u0438\u0445 \u043b\u0438\u0446, \u043d\u043e \u0438 \u043f\u0440\u0435\u0434\u043e\u0441\u0442\u0430\u0432\u043b\u044f\u0442\u044c \u0437\u0430\u043f\u0440\u0430\u0448\u0438\u0432\u0430\u0435\u043c\u0443\u044e \u0438\u043d\u0444\u043e\u0440\u043c\u0430\u0446\u0438\u044e, \u0435\u0441\u043b\u0438 \u0442\u0430\u043a\u043e\u0432\u0430 \u043d\u0435\u043e\u0431\u0445\u043e\u0434\u0438\u043c\u0430 \u0434\u043b\u044f \u043f\u043e\u0434\u0442\u0432\u0435\u0440\u0436\u0434\u0435\u043d\u0438\u044f \u0437\u0430\u043a\u043e\u043d\u043d\u043e\u0441\u0442\u0438 \u0434\u0435\u044f\u0442\u0435\u043b\u044c\u043d\u043e\u0441\u0442\u0438 \u0442\u0440\u0435\u0442\u044c\u0438\u0445 \u043b\u0438\u0446. \u041c\u044b \u0442\u0430\u043a \u0436\u0435 \u043e\u0431\u044f\u0437\u0443\u0435\u043c\u0441\u044f \u0443\u0434\u0430\u043b\u0438\u0442\u044c \u0438\u043b\u0438 \u0437\u0430\u0431\u043b\u043e\u043a\u0438\u0440\u043e\u0432\u0430\u0442\u044c \u0434\u043e\u0441\u0442\u0443\u043f \u043a \u0438\u043d\u0444\u043e\u0440\u043c\u0430\u0446\u0438\u0438, \u0435\u0441\u043b\u0438 \u044d\u0442\u043e \u043d\u0443\u0436\u043d\u043e \u0431\u0443\u0434\u0435\u0442 \u0441\u0434\u0435\u043b\u0430\u0442\u044c \u0432 \u0441\u043e\u043e\u0442\u0432\u0435\u0442\u0441\u0442\u0432\u0438\u0438 \u0441 \u043e\u0431\u0449\u0438\u043c\u0438 \u0437\u0430\u043a\u043e\u043d\u0430\u043c\u0438. \u042d\u0442\u0438 \u043e\u0431\u044f\u0437\u0430\u0442\u0435\u043b\u044c\u0441\u0442\u0432\u0430 \u0432\u0441\u0442\u0443\u043f\u044f\u0442 \u0432 \u0441\u0438\u043b\u0443 \u0441\u043e \u0434\u043d\u044f \u043a\u043e\u043d\u043a\u0440\u0435\u0442\u043d\u043e\u0433\u043e \u043d\u0430\u0440\u0443\u0448\u0435\u043d\u0438\u044f \u0441\u043e \u0441\u0442\u043e\u0440\u043e\u043d\u044b \u0442\u0440\u0435\u0442\u044c\u0435\u0433\u043e \u043b\u0438\u0446\u0430. \u0415\u0441\u043b\u0438 \u043d\u0430\u043c \u0441\u0442\u0430\u043d\u043e\u0432\u0438\u0442\u0441\u044f \u0438\u0437\u0432\u0435\u0441\u0442\u043d\u043e \u043e \u043f\u043e\u0434\u043e\u0431\u043d\u044b\u0445 \u043d\u0430\u0440\u0443\u0448\u0435\u043d\u0438\u044f\u0445, \u043c\u044b \u043d\u0435\u043c\u0435\u0434\u043b\u0435\u043d\u043d\u043e \u0443\u0434\u0430\u043b\u044f\u0435\u043c \u0438\u043d\u0444\u043e\u0440\u043c\u0430\u0446\u0438\u044e.<\/p>\n<p>\u041e\u0442\u0432\u0435\u0442\u0441\u0442\u0432\u0435\u043d\u043d\u043e\u0441\u0442\u044c \u0437\u0430 \u0441\u0441\u044b\u043b\u043a\u0438<\/p>\n<p>\u041d\u0430\u0448 \u0441\u0430\u0439\u0442 \u0441\u043e\u0434\u0435\u0440\u0436\u0438\u0442 \u0441\u0441\u044b\u043b\u043a\u0438 \u043d\u0430 \u0432\u043d\u0435\u0448\u043d\u0438\u0435 \u0441\u0430\u0439\u0442\u044b, \u043a\u043e\u0442\u043e\u0440\u044b\u0435 \u043c\u044b \u043d\u0435 \u043c\u043e\u0436\u0435\u043c \u043f\u043e\u043b\u043d\u043e\u0441\u0442\u044c\u044e \u043a\u043e\u043d\u0442\u0440\u043e\u043b\u0438\u0440\u043e\u0432\u0430\u0442\u044c.<\/p>\n<p>\u041f\u043e\u044d\u0442\u043e\u043c\u0443 \u043c\u044b \u043c\u043e\u0436\u0435\u043c \u0434\u0430\u0442\u044c \u0433\u0430\u0440\u0430\u043d\u0442\u0438\u0439 \u043e\u0442\u043d\u043e\u0441\u0438\u0442\u0435\u043b\u044c\u043d\u043e \u043f\u0440\u0438\u0435\u043c\u043b\u0435\u043c\u043e\u0441\u0442\u0438 \u0441\u043e\u0434\u0435\u0440\u0436\u0430\u043d\u0438\u044f \u0442\u0435\u0445 \u0438\u043b\u0438 \u0438\u043d\u044b\u0445 \u0441\u0441\u044b\u043b\u043e\u043a, \u0440\u0430\u0437\u043c\u0435\u0449\u0435\u043d\u043d\u044b\u0445 \u043d\u0430 \u043d\u0430\u0448\u0435\u043c \u0441\u0430\u0439\u0442\u0435. \u0423\u0442\u043e\u0447\u043d\u0438\u0442\u044c \u0441\u043e\u0434\u0435\u0440\u0436\u0430\u043d\u0438\u0435 \u0441\u0441\u044b\u043b\u043e\u043a \u043d\u0430 \u043d\u0430\u0448\u0435\u043c \u0441\u0430\u0439\u0442\u0435 \u0432\u044b \u043c\u043e\u0436\u0435\u0442\u0435 \u0443 \u043e\u043f\u0435\u0440\u0430\u0442\u043e\u0440\u0430 \u0441\u0430\u0439\u0442\u0430.<\/p>\n<p>\u041d\u0430 \u043c\u043e\u043c\u0435\u043d\u0442 \u0440\u0430\u0437\u043c\u0435\u0449\u0435\u043d\u0438\u044f \u0441\u0441\u044b\u043b\u043e\u043a \u0440\u0430\u0437\u0440\u0430\u0431\u043e\u0442\u0447\u0438\u043a\u0430\u043c\u0438 \u0441\u0430\u0439\u0442\u0430, \u0432\u0441\u0435 \u043e\u043d\u0438 \u043f\u0440\u043e\u0432\u0435\u0440\u044f\u044e\u0442\u0441\u044f \u043d\u0430 \u0432\u043e\u0437\u043c\u043e\u0436\u043d\u044b\u0435 \u044e\u0440\u0438\u0434\u0438\u0447\u0435\u0441\u043a\u0438\u0435 \u043d\u0430\u0440\u0443\u0448\u0435\u043d\u0438\u044f. \u041d\u0430\u043b\u0438\u0447\u0438\u044f \u0441\u0441\u044b\u043b\u043e\u043a \u0441 \u043f\u0440\u043e\u0442\u0438\u0432\u043e\u0437\u0430\u043a\u043e\u043d\u043d\u044b\u043c \u0441\u043e\u0434\u0435\u0440\u0436\u0430\u043d\u0438\u0435\u043c \u043d\u0435 \u0431\u044b\u043b\u043e \u043e\u0431\u043d\u0430\u0440\u0443\u0436\u0435\u043d\u043e. \u041d\u043e, \u043d\u0435 \u043e\u0431\u043d\u0430\u0440\u0443\u0436\u0438\u0432 \u0434\u043e\u043a\u0430\u0437\u0430\u0442\u0435\u043b\u044c\u0441\u0442\u0432 \u043a\u043e\u043d\u043a\u0440\u0435\u0442\u043d\u044b\u0445 \u043d\u0430\u0440\u0443\u0448\u0435\u043d\u0438\u0439, \u043c\u044b \u043f\u0440\u043e\u0434\u043e\u043b\u0436\u0430\u0435\u043c \u043a\u043e\u043d\u0442\u0440\u043e\u043b\u0438\u0440\u043e\u0432\u0430\u0442\u044c \u0437\u0430\u043a\u043e\u043d\u043d\u043e\u0441\u0442\u044c \u0438\u043d\u0444\u043e\u0440\u043c\u0430\u0446\u0438\u0438, \u0440\u0430\u0437\u043c\u0435\u0449\u0435\u043d\u043d\u043e\u0439 \u0432 \u0441\u0441\u044b\u043b\u043a\u0430\u0445. \u041f\u043e\u0441\u043b\u0435 \u043e\u043f\u0440\u0435\u0434\u0435\u043b\u0435\u043d\u0438\u044f \u0434\u0430\u043d\u043d\u043e\u0439 \u0441\u0441\u044b\u043b\u043a\u0438 \u043a\u0430\u043a \u043d\u0435\u0437\u0430\u043a\u043e\u043d\u043d\u043e\u0439, \u043c\u044b \u043d\u0435\u043c\u0435\u0434\u043b\u0435\u043d\u043d\u043e \u0435\u0435 \u0443\u0434\u0430\u043b\u0438\u043c.<\/p>\n<p>\u0410\u0432\u0442\u043e\u0440\u0441\u043a\u043e\u0435 \u043f\u0440\u0430\u0432\u043e<\/p>\n<p>\u0420\u0430\u0437\u0440\u0430\u0431\u043e\u0442\u0447\u0438\u043a\u0438, \u0440\u0435\u0434\u0430\u043a\u0442\u043e\u0440\u044b \u0438 \u043e\u043f\u0435\u0440\u0430\u0442\u043e\u0440\u044b \u0434\u0430\u043d\u043d\u043e\u0433\u043e \u0441\u0430\u0439\u0442\u0430 \u0441\u0442\u0430\u0440\u0430\u044e\u0442\u0441\u044f \u0441\u043e\u0431\u043b\u044e\u0434\u0430\u0442\u044c \u0430\u0432\u0442\u043e\u0440\u0441\u043a\u0438\u0435 \u043f\u0440\u0430\u0432\u0430 \u0442\u0440\u0435\u0442\u044c\u0438\u0445 \u043b\u0438\u0446 \u0438\u043b\u0438 \u0438\u0441\u043f\u043e\u043b\u044c\u0437\u043e\u0432\u0430\u0442\u044c \u0441\u0432\u043e\u0438 \u0441\u043e\u0431\u0441\u0442\u0432\u0435\u043d\u043d\u044b\u0435 \u0438\u043b\u0438 \u043e\u0431\u0449\u0435\u0441\u0442\u0432\u0435\u043d\u043d\u043e \u0434\u043e\u0441\u0442\u0443\u043f\u043d\u044b\u0435 \u0443\u0441\u043b\u0443\u0433\u0438 \u0434\u043e\u043c\u0435\u043d\u0430.<\/p>\n<p>\u041a\u043e\u043f\u0438\u0440\u043e\u0432\u0430\u043d\u0438\u0435 \u0438\u0434\u0435\u0439 \u0441\u0430\u0439\u0442\u0430 \u0438 \u043d\u0435\u043f\u0440\u0430\u0432\u043e\u043c\u0435\u0440\u043d\u043e\u0435 \u0438\u0441\u043f\u043e\u043b\u044c\u0437\u043e\u0432\u0430\u043d\u0438\u0435 \u0440\u0430\u0437\u043c\u0435\u0449\u0435\u043d\u043d\u043e\u0439 \u0438\u043d\u0444\u043e\u0440\u043c\u0430\u0446\u0438\u0438, \u043c\u043e\u0436\u0435\u0442 \u043f\u0440\u0435\u0441\u043b\u0435\u0434\u043e\u0432\u0430\u0442\u044c\u0441\u044f \u043d\u0435\u043c\u0435\u0446\u043a\u0438\u043c \u0437\u0430\u043a\u043e\u043d\u043e\u043c \u043e\u0431 \u0430\u0432\u0442\u043e\u0440\u0441\u043a\u043e\u043c \u043f\u0440\u0430\u0432\u0435. \u0422\u043e \u0436\u0435 \u043a\u0430\u0441\u0430\u0435\u0442\u0441\u044f \u0438 \u0438\u043d\u0444\u043e\u0440\u043c\u0430\u0446\u0438\u0438, \u043a\u043e\u0442\u043e\u0440\u0443\u044e \u043f\u0440\u0435\u0434\u043e\u0441\u0442\u0430\u0432\u043b\u044f\u0435\u0442 \u043d\u0430\u043c \u0442\u0440\u0435\u0442\u044c\u0435 \u043b\u0438\u0446\u043e. \u0412\u043e\u0441\u043f\u0440\u043e\u0438\u0437\u0432\u0435\u0434\u0435\u043d\u0438\u0435, \u0438\u0437\u043c\u0435\u043d\u0435\u043d\u0438\u0435, \u0440\u0430\u0441\u043f\u0440\u043e\u0441\u0442\u0440\u0430\u043d\u0435\u043d\u0438\u0435 \u0438\u043d\u0444\u043e\u0440\u043c\u0430\u0446\u0438\u0438 \u0441 \u044d\u0442\u043e\u0433\u043e \u0441\u0430\u0439\u0442\u0430 \u0438\u043b\u0438 \u0435\u0435 \u044d\u043a\u0441\u043f\u043b\u0443\u0430\u0442\u0430\u0446\u0438\u044f \u043b\u044e\u0431\u043e\u0433\u043e \u0445\u0430\u0440\u0430\u043a\u0442\u0435\u0440\u0430, \u043a\u043e\u0442\u043e\u0440\u044b\u0435 \u043d\u0430\u0445\u043e\u0434\u044f\u0442\u0441\u044f \u0432\u043d\u0435 \u043f\u0440\u0435\u0434\u0435\u043b\u043e\u0432 \u0430\u0432\u0442\u043e\u0440\u0441\u043a\u043e\u0433\u043e \u043f\u0440\u0430\u0432\u0430, \u0442\u0440\u0435\u0431\u0443\u044e\u0442 \u043f\u0438\u0441\u044c\u043c\u0435\u043d\u043d\u043e\u0433\u043e \u0441\u043e\u0433\u043b\u0430\u0441\u0438\u044f \u0430\u0432\u0442\u043e\u0440\u0430 \u0438\u043b\u0438 \u0440\u0435\u0434\u0430\u043a\u0442\u043e\u0440\u0430. \u0421\u043a\u0430\u0447\u0438\u0432\u0430\u043d\u0438\u0435 \u0438 \u043a\u043e\u043f\u0438\u0440\u043e\u0432\u0430\u043d\u0438\u0435 \u0434\u0430\u043d\u043d\u044b\u0445 \u0438 \u0438\u043d\u0444\u043e\u0440\u043c\u0430\u0446\u0438\u0438 \u0440\u0430\u0437\u0440\u0435\u0448\u0430\u0435\u0442\u0441\u044f \u0442\u043e\u043b\u044c\u043a\u043e \u0434\u043b\u044f \u043b\u0438\u0447\u043d\u043e\u0433\u043e \u043d\u0435\u043a\u043e\u043c\u043c\u0435\u0440\u0447\u0435\u0441\u043a\u043e\u0433\u043e \u0438\u0441\u043f\u043e\u043b\u044c\u0437\u043e\u0432\u0430\u043d\u0438\u044f.<\/p>\n<p>\u041f\u043e\u043b\u0438\u0442\u0438\u043a\u0430 \u043a\u043e\u043d\u0444\u0438\u0434\u0435\u043d\u0446\u0438\u0430\u043b\u044c\u043d\u043e\u0441\u0442\u0438<\/p>\n<p>\u0421\u0431\u043e\u0440 \u043b\u0438\u0447\u043d\u044b\u0445 \u0434\u0430\u043d\u043d\u044b\u0445 (\u043d\u0430\u043f\u0440\u0438\u043c\u0435\u0440, \u0430\u0434\u0440\u0435\u0441 \u0438\u043c\u044f, \u043f\u043e\u0447\u0442\u043e\u0432\u044b\u0439 \u0430\u0434\u0440\u0435\u0441 \u0438\u043b\u0438 \u0430\u0434\u0440\u0435\u0441 \u044d\u043b\u0435\u043a\u0442\u0440\u043e\u043d\u043d\u043e\u0439 \u043f\u043e\u0447\u0442\u044b), \u043f\u0440\u043e\u0438\u0437\u0432\u043e\u0434\u0438\u0442\u044c\u0441\u044f, \u043d\u0430\u0441\u043a\u043e\u043b\u044c\u043a\u043e \u044d\u0442\u043e \u0432\u043e\u0437\u043c\u043e\u0436\u043d\u043e, \u043f\u043e\u043b\u043d\u043e\u0441\u0442\u044c\u044e \u043d\u0430 \u0434\u043e\u0431\u0440\u043e\u0432\u043e\u043b\u044c\u043d\u043e\u0439 \u043e\u0441\u043d\u043e\u0432\u0435.<\/p>\n<p>\u0418\u0441\u043f\u043e\u043b\u044c\u0437\u043e\u0432\u0430\u043d\u0438\u0435 \u0443\u0441\u043b\u0443\u0433 \u0438 \u043f\u0440\u0435\u0434\u043b\u043e\u0436\u0435\u043d\u0438\u0439, \u043d\u0430\u0441\u043a\u043e\u043b\u044c\u043a\u043e \u044d\u0442\u043e \u0432\u043e\u0437\u043c\u043e\u0436\u043d\u043e, \u043d\u0435 \u043f\u0440\u0435\u0434\u0443\u0441\u043c\u0430\u0442\u0440\u0438\u0432\u0430\u0435\u0442 \u043e\u0431\u044f\u0437\u0430\u0442\u0435\u043b\u044c\u043d\u044b\u0439 \u0441\u0431\u043e\u0440 \u043b\u0438\u0447\u043d\u044b\u0445 \u0434\u0430\u043d\u043d\u044b\u0445 \u043f\u043e\u043b\u044c\u0437\u043e\u0432\u0430\u0442\u0435\u043b\u044f. \u0418\u0441\u043f\u043e\u043b\u044c\u0437\u043e\u0432\u0430\u043d\u0438\u0435 \u043e\u043f\u0443\u0431\u043b\u0438\u043a\u043e\u0432\u0430\u043d\u043d\u044b\u0445 \u043a\u043e\u043d\u0442\u0430\u043a\u0442\u043d\u044b\u0445 \u0434\u0430\u043d\u043d\u044b\u0445 \u043f\u043e\u043b\u044c\u0437\u043e\u0432\u0430\u0442\u0435\u043b\u0435\u0439 \u0441\u0430\u0439\u0442\u0430 \u0442\u0440\u0435\u0442\u044c\u0438\u043c \u043b\u0438\u0446\u0430\u043c, \u0434\u043b\u044f \u0440\u0430\u0441\u0441\u044b\u043b\u043a\u0438 \u043d\u0435\u0436\u0435\u043b\u0430\u0442\u0435\u043b\u044c\u043d\u044b\u0445 \u0440\u0435\u043a\u043b\u0430\u043c\u043d\u044b\u0445 \u043e\u0431\u044a\u044f\u0432\u043b\u0435\u043d\u0438\u0439 \u0438 \u0438\u043d\u0444\u043e\u0440\u043c\u0430\u0446\u0438\u043e\u043d\u043d\u044b\u0445 \u043c\u0430\u0442\u0435\u0440\u0438\u0430\u043b\u043e\u0432, \u0437\u0430\u043f\u0440\u0435\u0449\u0435\u043d\u043e \u0440\u0430\u043c\u043a\u0430\u043c\u0438 \u043e\u0431\u044f\u0437\u0430\u0442\u0435\u043b\u044c\u0441\u0442\u0432, \u043a\u043e\u0442\u043e\u0440\u044b\u0435 \u043f\u0440\u0438\u043d\u0438\u043c\u0430\u044e\u0442 \u043d\u0430 \u0441\u0435\u0431\u044f \u0442\u0440\u0435\u0442\u044c\u0438 \u043b\u0438\u0446\u0430. \u0420\u0430\u0437\u0440\u0430\u0431\u043e\u0442\u0447\u0438\u043a\u0438, \u0440\u0435\u0434\u0430\u043a\u0442\u043e\u0440\u044b \u0438 \u043e\u043f\u0435\u0440\u0430\u0442\u043e\u0440\u044b \u0441\u0430\u0439\u0442\u0430 \u043e\u0441\u0442\u0430\u0432\u043b\u044f\u044e\u0442 \u0437\u0430 \u0441\u043e\u0431\u043e\u0439 \u043f\u0440\u0430\u0432\u043e \u043e\u0431\u0440\u0430\u0442\u0438\u0442\u044c\u0441\u044f \u0432 \u0441\u0443\u0434 \u0432 \u0441\u043b\u0443\u0447\u0430\u0435 \u0440\u0430\u0437\u043c\u0435\u0449\u0435\u043d\u0438\u044f \u0442\u0440\u0435\u0442\u044c\u0438\u043c\u0438 \u043b\u0438\u0446\u0430\u043c\u0438 \u043d\u0435\u0436\u0435\u043b\u0430\u0442\u0435\u043b\u044c\u043d\u043e\u0439 \u0440\u0435\u043a\u043b\u0430\u043c\u043d\u043e\u0439 \u0438\u043d\u0444\u043e\u0440\u043c\u0430\u0446\u0438\u0438, \u043d\u0430\u043f\u0440\u0438\u043c\u0435\u0440 \u0432 \u0444\u043e\u0440\u043c\u0435 \u0440\u0430\u0441\u0441\u044b\u043b\u043a\u0438 \u043f\u043e \u044d\u043b\u0435\u043a\u0442\u0440\u043e\u043d\u043d\u043e\u0439 \u043f\u043e\u0447\u0442\u0435.[\/vc_column_text][\/vc_column][\/vc_row]<\/p>\n","protected":false},"excerpt":{"rendered":"<p>[vc_row][vc_column][vc_column_text]Impressum: BEM Media GmbH Verlag &amp; Werbeagentur Oeynhausener Str. 54 D-32584 L\u00f6hne Tel.: 0 57 31 \u2013 98 79 80 Fax: 0 57 31 \u2013 987 98 99 E-Mail: post@2023.bem-media.de Registergericht: Bad Oeynhausen Registernummer: HRB 18883 USt-IdNr.: DE360439444 www.bem-media.de Gesch\u00e4ftsf\u00fchrer: Xeniya Chaikina Gesch\u00e4ftszeiten: Montag \u2013 Freitag 09:00 \u2013 18:00 Uhr Registergericht: Amtsgericht Bad Oeynhausen Registernummer: [&hellip;]<\/p>\n","protected":false},"author":1,"featured_media":0,"parent":0,"menu_order":0,"comment_status":"closed","ping_status":"closed","template":"","meta":{"inline_featured_image":false,"footnotes":""},"acf":[],"yoast_head":"<!-- This site is optimized with the Yoast SEO plugin v20.13 - https:\/\/yoast.com\/wordpress\/plugins\/seo\/ -->\n<title>Impressum - BEM Media<\/title>\n<meta name=\"robots\" content=\"noindex, follow, max-snippet:-1, max-image-preview:large, max-video-preview:-1\" \/>\n<meta property=\"og:locale\" content=\"ru_RU\" \/>\n<meta property=\"og:type\" content=\"article\" \/>\n<meta property=\"og:title\" content=\"Impressum - BEM Media\" \/>\n<meta property=\"og:description\" content=\"[vc_row][vc_column][vc_column_text]Impressum: BEM Media GmbH Verlag &amp; Werbeagentur Oeynhausener Str. 54 D-32584 L\u00f6hne Tel.: 0 57 31 \u2013 98 79 80 Fax: 0 57 31 \u2013 987 98 99 E-Mail: post@2023.bem-media.de Registergericht: Bad Oeynhausen Registernummer: HRB 18883 USt-IdNr.: DE360439444 www.bem-media.de Gesch\u00e4ftsf\u00fchrer: Xeniya Chaikina Gesch\u00e4ftszeiten: Montag \u2013 Freitag 09:00 \u2013 18:00 Uhr Registergericht: Amtsgericht Bad Oeynhausen Registernummer: [&hellip;]\" \/>\n<meta property=\"og:url\" content=\"https:\/\/2023.bem-media.de\/ru\/impressum\" \/>\n<meta property=\"og:site_name\" content=\"BEM Media\" \/>\n<meta property=\"article:modified_time\" content=\"2023-07-26T14:15:11+00:00\" \/>\n<meta name=\"twitter:card\" content=\"summary_large_image\" \/>\n<meta name=\"twitter:label1\" content=\"\u041f\u0440\u0438\u043c\u0435\u0440\u043d\u043e\u0435 \u0432\u0440\u0435\u043c\u044f \u0434\u043b\u044f \u0447\u0442\u0435\u043d\u0438\u044f\" \/>\n\t<meta name=\"twitter:data1\" content=\"3 \u043c\u0438\u043d\u0443\u0442\u044b\" \/>\n<script type=\"application\/ld+json\" class=\"yoast-schema-graph\">{\"@context\":\"https:\/\/schema.org\",\"@graph\":[{\"@type\":\"WebPage\",\"@id\":\"https:\/\/2023.bem-media.de\/ru\/impressum\",\"url\":\"https:\/\/2023.bem-media.de\/ru\/impressum\",\"name\":\"Impressum - BEM Media\",\"isPartOf\":{\"@id\":\"https:\/\/2023.bem-media.de\/#website\"},\"datePublished\":\"2017-08-11T18:11:14+00:00\",\"dateModified\":\"2023-07-26T14:15:11+00:00\",\"breadcrumb\":{\"@id\":\"https:\/\/2023.bem-media.de\/ru\/impressum#breadcrumb\"},\"inLanguage\":\"ru-RU\",\"potentialAction\":[{\"@type\":\"ReadAction\",\"target\":[\"https:\/\/2023.bem-media.de\/ru\/impressum\"]}]},{\"@type\":\"BreadcrumbList\",\"@id\":\"https:\/\/2023.bem-media.de\/ru\/impressum#breadcrumb\",\"itemListElement\":[{\"@type\":\"ListItem\",\"position\":1,\"name\":\"\u0413\u043b\u0430\u0432\u043d\u0430\u044f \u0441\u0442\u0440\u0430\u043d\u0438\u0446\u0430\",\"item\":\"https:\/\/2023.bem-media.de\/ru\"},{\"@type\":\"ListItem\",\"position\":2,\"name\":\"Impressum\"}]},{\"@type\":\"WebSite\",\"@id\":\"https:\/\/2023.bem-media.de\/#website\",\"url\":\"https:\/\/2023.bem-media.de\/\",\"name\":\"BEM Media\",\"description\":\"BEM Media\",\"potentialAction\":[{\"@type\":\"SearchAction\",\"target\":{\"@type\":\"EntryPoint\",\"urlTemplate\":\"https:\/\/2023.bem-media.de\/?s={search_term_string}\"},\"query-input\":\"required name=search_term_string\"}],\"inLanguage\":\"ru-RU\"}]}<\/script>\n<!-- \/ Yoast SEO plugin. -->","yoast_head_json":{"title":"Impressum - BEM Media","robots":{"index":"noindex","follow":"follow","max-snippet":"max-snippet:-1","max-image-preview":"max-image-preview:large","max-video-preview":"max-video-preview:-1"},"og_locale":"ru_RU","og_type":"article","og_title":"Impressum - BEM Media","og_description":"[vc_row][vc_column][vc_column_text]Impressum: BEM Media GmbH Verlag &amp; Werbeagentur Oeynhausener Str. 54 D-32584 L\u00f6hne Tel.: 0 57 31 \u2013 98 79 80 Fax: 0 57 31 \u2013 987 98 99 E-Mail: post@2023.bem-media.de Registergericht: Bad Oeynhausen Registernummer: HRB 18883 USt-IdNr.: DE360439444 www.bem-media.de Gesch\u00e4ftsf\u00fchrer: Xeniya Chaikina Gesch\u00e4ftszeiten: Montag \u2013 Freitag 09:00 \u2013 18:00 Uhr Registergericht: Amtsgericht Bad Oeynhausen Registernummer: [&hellip;]","og_url":"https:\/\/2023.bem-media.de\/ru\/impressum","og_site_name":"BEM Media","article_modified_time":"2023-07-26T14:15:11+00:00","twitter_card":"summary_large_image","twitter_misc":{"\u041f\u0440\u0438\u043c\u0435\u0440\u043d\u043e\u0435 \u0432\u0440\u0435\u043c\u044f \u0434\u043b\u044f \u0447\u0442\u0435\u043d\u0438\u044f":"3 \u043c\u0438\u043d\u0443\u0442\u044b"},"schema":{"@context":"https:\/\/schema.org","@graph":[{"@type":"WebPage","@id":"https:\/\/2023.bem-media.de\/ru\/impressum","url":"https:\/\/2023.bem-media.de\/ru\/impressum","name":"Impressum - BEM Media","isPartOf":{"@id":"https:\/\/2023.bem-media.de\/#website"},"datePublished":"2017-08-11T18:11:14+00:00","dateModified":"2023-07-26T14:15:11+00:00","breadcrumb":{"@id":"https:\/\/2023.bem-media.de\/ru\/impressum#breadcrumb"},"inLanguage":"ru-RU","potentialAction":[{"@type":"ReadAction","target":["https:\/\/2023.bem-media.de\/ru\/impressum"]}]},{"@type":"BreadcrumbList","@id":"https:\/\/2023.bem-media.de\/ru\/impressum#breadcrumb","itemListElement":[{"@type":"ListItem","position":1,"name":"\u0413\u043b\u0430\u0432\u043d\u0430\u044f \u0441\u0442\u0440\u0430\u043d\u0438\u0446\u0430","item":"https:\/\/2023.bem-media.de\/ru"},{"@type":"ListItem","position":2,"name":"Impressum"}]},{"@type":"WebSite","@id":"https:\/\/2023.bem-media.de\/#website","url":"https:\/\/2023.bem-media.de\/","name":"BEM Media","description":"BEM Media","potentialAction":[{"@type":"SearchAction","target":{"@type":"EntryPoint","urlTemplate":"https:\/\/2023.bem-media.de\/?s={search_term_string}"},"query-input":"required name=search_term_string"}],"inLanguage":"ru-RU"}]}},"_links":{"self":[{"href":"https:\/\/2023.bem-media.de\/ru\/wp-json\/wp\/v2\/pages\/528"}],"collection":[{"href":"https:\/\/2023.bem-media.de\/ru\/wp-json\/wp\/v2\/pages"}],"about":[{"href":"https:\/\/2023.bem-media.de\/ru\/wp-json\/wp\/v2\/types\/page"}],"author":[{"embeddable":true,"href":"https:\/\/2023.bem-media.de\/ru\/wp-json\/wp\/v2\/users\/1"}],"replies":[{"embeddable":true,"href":"https:\/\/2023.bem-media.de\/ru\/wp-json\/wp\/v2\/comments?post=528"}],"version-history":[{"count":13,"href":"https:\/\/2023.bem-media.de\/ru\/wp-json\/wp\/v2\/pages\/528\/revisions"}],"predecessor-version":[{"id":7402,"href":"https:\/\/2023.bem-media.de\/ru\/wp-json\/wp\/v2\/pages\/528\/revisions\/7402"}],"wp:attachment":[{"href":"https:\/\/2023.bem-media.de\/ru\/wp-json\/wp\/v2\/media?parent=528"}],"curies":[{"name":"wp","href":"https:\/\/api.w.org\/{rel}","templated":true}]}}